{"id":17,"date":"2008-12-07T20:57:57","date_gmt":"2008-12-07T22:57:57","guid":{"rendered":"http:\/\/www.andboom.com.br\/blog\/?page_id=17"},"modified":"2022-07-28T15:58:11","modified_gmt":"2022-07-28T18:58:11","slug":"sobre-o-blog","status":"publish","type":"page","link":"https:\/\/mushroomlabs.com.br\/blog\/sobre-o-blog\/","title":{"rendered":"Sobre o blog"},"content":{"rendered":"<p>Este blog cont\u00e9m o conte\u00fado do antigo blog andboom, que tinha o seguinte &#8220;Sobre o blog&#8221;:<\/p>\n<blockquote><p>Tudo come\u00e7ou quando tr\u00eas amigos de faculdade, que curtem de mont\u00e3o tecnologia,\u00a0 pensavam em juntar os conhecimentos adquiridos, tanto na faculdade como em seus trabalhos, e disponibilizar para quem quisesse saber.<\/p>\n<p>Ficamos um bom tempo tentando descobrir um nome que fosse f\u00e1cil, simples e direto. Gra\u00e7as ao Victor, que lembrou de um v\u00eddeo famoso do You Tube, escolhemos o nosso nome&#8230; and BOOM!!!<\/p>\n<p>&#8230;and BOOM!!! \u00e9 a forma que Steve Jobs explica efeitos e acontecimentos em suas apresenta\u00e7\u00f5es da Apple.<\/p>\n<p>Abaixo voc\u00ea pode curtir o v\u00eddeo que d\u00e1 origem ao nosso blog &#8230;and BOOM!!!<\/p>\n<p>https:\/\/www.youtube.com\/watch?v=emI_u1sV0KI<\/p><\/blockquote>\n<p>O blog atual \u00e9 um objeto n\u00e3o categorizado. O objetivo \u00e9 ter textos de qualquer assunto que me d\u00ea vontade de escrever.<\/p>\n","protected":false},"excerpt":{"rendered":"<p>Este blog cont\u00e9m o conte\u00fado do antigo blog andboom, que tinha o seguinte &#8220;Sobre o blog&#8221;: Tudo come\u00e7ou quando tr\u00eas amigos de faculdade, que curtem de mont\u00e3o tecnologia,\u00a0 pensavam em juntar os conhecimentos adquiridos, tanto na faculdade como em seus trabalhos, e disponibilizar para quem quisesse saber. Ficamos um bom tempo tentando descobrir um nome [&hellip;]<\/p>\n","protected":false},"author":2,"featured_media":0,"parent":0,"menu_order":0,"comment_status":"closed","ping_status":"open","template":"","meta":{"site-sidebar-layout":"default","site-content-layout":"","ast-site-content-layout":"default","site-content-style":"default","site-sidebar-style":"default","ast-global-header-display":"","ast-banner-title-visibility":"","ast-main-header-display":"","ast-hfb-above-header-display":"","ast-hfb-below-header-display":"","ast-hfb-mobile-header-display":"","site-post-title":"","ast-breadcrumbs-content":"","ast-featured-img":"","footer-sml-layout":"","ast-disable-related-posts":"","theme-transparent-header-meta":"","adv-header-id-meta":"","stick-header-meta":"","header-above-stick-meta":"","header-main-stick-meta":"","header-below-stick-meta":"","astra-migrate-meta-layouts":"default","ast-page-background-enabled":"default","ast-page-background-meta":{"desktop":{"background-color":"var(--ast-global-color-5)","background-image":"","background-repeat":"repeat","background-position":"center center","background-size":"auto","background-attachment":"scroll","background-type":"","background-media":"","overlay-type":"","overlay-color":"","overlay-opacity":"","overlay-gradient":""},"tablet":{"background-color":"","background-image":"","background-repeat":"repeat","background-position":"center center","background-size":"auto","background-attachment":"scroll","background-type":"","background-media":"","overlay-type":"","overlay-color":"","overlay-opacity":"","overlay-gradient":""},"mobile":{"background-color":"","background-image":"","background-repeat":"repeat","background-position":"center center","background-size":"auto","background-attachment":"scroll","background-type":"","background-media":"","overlay-type":"","overlay-color":"","overlay-opacity":"","overlay-gradient":""}},"ast-content-background-meta":{"desktop":{"background-color":"var(--ast-global-color-4)","background-image":"","background-repeat":"repeat","background-position":"center center","background-size":"auto","background-attachment":"scroll","background-type":"","background-media":"","overlay-type":"","overlay-color":"","overlay-opacity":"","overlay-gradient":""},"tablet":{"background-color":"var(--ast-global-color-4)","background-image":"","background-repeat":"repeat","background-position":"center center","background-size":"auto","background-attachment":"scroll","background-type":"","background-media":"","overlay-type":"","overlay-color":"","overlay-opacity":"","overlay-gradient":""},"mobile":{"background-color":"var(--ast-global-color-4)","background-image":"","background-repeat":"repeat","background-position":"center center","background-size":"auto","background-attachment":"scroll","background-type":"","background-media":"","overlay-type":"","overlay-color":"","overlay-opacity":"","overlay-gradient":""}},"footnotes":""},"class_list":["post-17","page","type-page","status-publish","hentry"],"_links":{"self":[{"href":"https:\/\/mushroomlabs.com.br\/blog\/wp-json\/wp\/v2\/pages\/17","targetHints":{"allow":["GET"]}}],"collection":[{"href":"https:\/\/mushroomlabs.com.br\/blog\/wp-json\/wp\/v2\/pages"}],"about":[{"href":"https:\/\/mushroomlabs.com.br\/blog\/wp-json\/wp\/v2\/types\/page"}],"author":[{"embeddable":true,"href":"https:\/\/mushroomlabs.com.br\/blog\/wp-json\/wp\/v2\/users\/2"}],"replies":[{"embeddable":true,"href":"https:\/\/mushroomlabs.com.br\/blog\/wp-json\/wp\/v2\/comments?post=17"}],"version-history":[{"count":2,"href":"https:\/\/mushroomlabs.com.br\/blog\/wp-json\/wp\/v2\/pages\/17\/revisions"}],"predecessor-version":[{"id":1356,"href":"https:\/\/mushroomlabs.com.br\/blog\/wp-json\/wp\/v2\/pages\/17\/revisions\/1356"}],"wp:attachment":[{"href":"https:\/\/mushroomlabs.com.br\/blog\/wp-json\/wp\/v2\/media?parent=17"}],"curies":[{"name":"wp","href":"https:\/\/api.w.org\/{rel}","templated":true}]}}