{"id":33,"date":"2008-12-22T12:33:59","date_gmt":"2008-12-22T15:33:59","guid":{"rendered":"http:\/\/www.andboom.com.br\/blog\/?page_id=33"},"modified":"2025-08-04T17:20:21","modified_gmt":"2025-08-04T20:20:21","slug":"o-autor","status":"publish","type":"page","link":"https:\/\/mushroomlabs.com.br\/blog\/o-autor\/","title":{"rendered":"O Autor"},"content":{"rendered":"\n<h2 class=\"wp-block-heading\"><strong>Boni<\/strong><\/h2>\n\n\n\n<p>Formado em Tecnologia em An\u00e1lise e Desenvolvimento de Sistemas no IFSP (Instituto Federal de Educa\u00e7\u00e3o, Ci\u00eancia e Tecnologia de S\u00e3o Paulo &#8211; antigo CEFET e conhecido como Federal, em S\u00e3o Paulo), trabalha atualmente como Analista TIC Telecom e Redes e Gerente de Projetos na PRODAM (Empresa de Tecnologia da Informa\u00e7\u00e3o e Comunica\u00e7\u00e3o do Munic\u00edpio de S\u00e3o Paulo) em projetos de rede LAN, WLAN e MAN, com tecnologias de rede wireless tunelada (CAPWAP, tunel GRE), VoIP, desenho topol\u00f3gico de redes (como recentemente o DescomplicaSP, WIFI LIVRE SP e WaaS SME), confec\u00e7\u00e3o de termos de refer\u00eancia e gerente de projetos, garantindo a implanta\u00e7\u00e3o de servi\u00e7os.<\/p>\n\n\n\n<p>Nerd apaixonado por inform\u00e1tica, come\u00e7ou usando um Cobra XT&nbsp;no curso t\u00e9cnico, com Wordstar e Lotus 1,2,3. Ap\u00f3s isso fez a&nbsp;fa\u00e7anha de rodar Doom num 386 com 4 Mb de mem\u00f3ria RAM. Conheceu&nbsp;Linux em 1995 e Mac em 1998. Utiliza os tr\u00eas S.O.s tanto em casa como no trabalho. Usu\u00e1rio de Mac em casa, Windows no desktop do trabalho e Linux em quase a totalidade dos servidores que administra, no trabalho e em casa. Trabalhou como&nbsp;design gr\u00e1fico, o que deveria garantir um pouco de garbo e beleza a&nbsp;este humilde blog (e todos os outros com que teve contato).<\/p>\n\n\n\n<p>Geek, teve Atari 2600, Mega Drive, Wii, PS3, PS4, Switch e atualmente possui um PS5 jogando eFootball, Gran Turismo 7 e Stray e um Nintendo Switch 2, jogando Super Mario Kart World. Divorciado, namorando a @musadomorango e morre de saudades dos seus bichos que n\u00e3o est\u00e3o mais com ele.<\/p>\n\n\n\n<p><\/p>\n","protected":false},"excerpt":{"rendered":"<p>Boni Formado em Tecnologia em An\u00e1lise e Desenvolvimento de Sistemas no IFSP (Instituto Federal de Educa\u00e7\u00e3o, Ci\u00eancia e Tecnologia de S\u00e3o Paulo &#8211; antigo CEFET e conhecido como Federal, em S\u00e3o Paulo), trabalha atualmente como Analista TIC Telecom e Redes e Gerente de Projetos na PRODAM (Empresa de Tecnologia da Informa\u00e7\u00e3o e Comunica\u00e7\u00e3o do Munic\u00edpio [&hellip;]<\/p>\n","protected":false},"author":2,"featured_media":0,"parent":0,"menu_order":0,"comment_status":"closed","ping_status":"closed","template":"","meta":{"site-sidebar-layout":"default","site-content-layout":"","ast-site-content-layout":"default","site-content-style":"default","site-sidebar-style":"default","ast-global-header-display":"","ast-banner-title-visibility":"","ast-main-header-display":"","ast-hfb-above-header-display":"","ast-hfb-below-header-display":"","ast-hfb-mobile-header-display":"","site-post-title":"","ast-breadcrumbs-content":"","ast-featured-img":"","footer-sml-layout":"","ast-disable-related-posts":"","theme-transparent-header-meta":"","adv-header-id-meta":"","stick-header-meta":"","header-above-stick-meta":"","header-main-stick-meta":"","header-below-stick-meta":"","astra-migrate-meta-layouts":"default","ast-page-background-enabled":"default","ast-page-background-meta":{"desktop":{"background-color":"var(--ast-global-color-5)","background-image":"","background-repeat":"repeat","background-position":"center center","background-size":"auto","background-attachment":"scroll","background-type":"","background-media":"","overlay-type":"","overlay-color":"","overlay-opacity":"","overlay-gradient":""},"tablet":{"background-color":"","background-image":"","background-repeat":"repeat","background-position":"center center","background-size":"auto","background-attachment":"scroll","background-type":"","background-media":"","overlay-type":"","overlay-color":"","overlay-opacity":"","overlay-gradient":""},"mobile":{"background-color":"","background-image":"","background-repeat":"repeat","background-position":"center center","background-size":"auto","background-attachment":"scroll","background-type":"","background-media":"","overlay-type":"","overlay-color":"","overlay-opacity":"","overlay-gradient":""}},"ast-content-background-meta":{"desktop":{"background-color":"var(--ast-global-color-4)","background-image":"","background-repeat":"repeat","background-position":"center center","background-size":"auto","background-attachment":"scroll","background-type":"","background-media":"","overlay-type":"","overlay-color":"","overlay-opacity":"","overlay-gradient":""},"tablet":{"background-color":"var(--ast-global-color-4)","background-image":"","background-repeat":"repeat","background-position":"center center","background-size":"auto","background-attachment":"scroll","background-type":"","background-media":"","overlay-type":"","overlay-color":"","overlay-opacity":"","overlay-gradient":""},"mobile":{"background-color":"var(--ast-global-color-4)","background-image":"","background-repeat":"repeat","background-position":"center center","background-size":"auto","background-attachment":"scroll","background-type":"","background-media":"","overlay-type":"","overlay-color":"","overlay-opacity":"","overlay-gradient":""}},"footnotes":""},"class_list":["post-33","page","type-page","status-publish","hentry"],"_links":{"self":[{"href":"https:\/\/mushroomlabs.com.br\/blog\/wp-json\/wp\/v2\/pages\/33","targetHints":{"allow":["GET"]}}],"collection":[{"href":"https:\/\/mushroomlabs.com.br\/blog\/wp-json\/wp\/v2\/pages"}],"about":[{"href":"https:\/\/mushroomlabs.com.br\/blog\/wp-json\/wp\/v2\/types\/page"}],"author":[{"embeddable":true,"href":"https:\/\/mushroomlabs.com.br\/blog\/wp-json\/wp\/v2\/users\/2"}],"replies":[{"embeddable":true,"href":"https:\/\/mushroomlabs.com.br\/blog\/wp-json\/wp\/v2\/comments?post=33"}],"version-history":[{"count":8,"href":"https:\/\/mushroomlabs.com.br\/blog\/wp-json\/wp\/v2\/pages\/33\/revisions"}],"predecessor-version":[{"id":1424,"href":"https:\/\/mushroomlabs.com.br\/blog\/wp-json\/wp\/v2\/pages\/33\/revisions\/1424"}],"wp:attachment":[{"href":"https:\/\/mushroomlabs.com.br\/blog\/wp-json\/wp\/v2\/media?parent=33"}],"curies":[{"name":"wp","href":"https:\/\/api.w.org\/{rel}","templated":true}]}}